{"id":20,"date":"2013-11-14T11:14:35","date_gmt":"2013-11-14T11:14:35","guid":{"rendered":"http:\/\/holobest.com\/jednotka\/?page_id=20"},"modified":"2017-02-07T11:10:07","modified_gmt":"2017-02-07T16:10:07","slug":"au-service-de-l-eleve","status":"publish","type":"page","link":"https:\/\/www.fppe.ca\/batirlecole\/au-service-de-l-eleve\/","title":{"rendered":"Au service de l&#8217;\u00e9l\u00e8ve"},"content":{"rendered":"<div><\/div>\n\n        <div class=\"container\">\n            \n        <\/div>\n    \n<p style=\"text-align: center\">Nous sommes des professionnelles et des professionnels qui \u0153uvrons dans le milieu de l\u2019\u00e9ducation, dans les centres administratifs des commissions scolaires de tout le Qu\u00e9bec.<\/p>\n<p>&nbsp;<\/p>\n<p style=\"text-align: center\">Chaque jour, par notre travail, nous organisons, planifions, construisons, et promouvons l\u2019\u00e9cole.<\/p>\n<p>&nbsp;<\/p>\n<p style=\"text-align: center\">Gr\u00e2ce \u00e0 nous, les \u00e9l\u00e8ves du Qu\u00e9bec re\u00e7oivent une foule de services qui font de leur environnement un milieu o\u00f9 il fait bon vivre et apprendre et ont acc\u00e8s \u00e0 des activit\u00e9s vari\u00e9es qui enrichissent leur parcours scolaire.<\/p>\n\n            <p class=\"lead text-center no-mg-b\">Parce que la seule et unique pr\u00e9occupation des milliers de personnes qui travaillent dans les commissions scolaires, c\u2019est l\u2019\u00e9l\u00e8ve.<\/p>\n        \n","protected":false},"excerpt":{"rendered":"<p>Nous sommes des professionnelles et des professionnels qui \u0153uvrons dans le milieu de l\u2019\u00e9ducation, dans les centres administratifs des commissions&#8230;<\/p>\n","protected":false},"author":1,"featured_media":0,"parent":0,"menu_order":0,"comment_status":"open","ping_status":"open","template":"template-empty-default.php","meta":{"_acf_changed":false,"footnotes":""},"class_list":["post-20","page","type-page","status-publish","hentry"],"acf":[],"_links":{"self":[{"href":"https:\/\/www.fppe.ca\/batirlecole\/wp-json\/wp\/v2\/pages\/20","targetHints":{"allow":["GET"]}}],"collection":[{"href":"https:\/\/www.fppe.ca\/batirlecole\/wp-json\/wp\/v2\/pages"}],"about":[{"href":"https:\/\/www.fppe.ca\/batirlecole\/wp-json\/wp\/v2\/types\/page"}],"author":[{"embeddable":true,"href":"https:\/\/www.fppe.ca\/batirlecole\/wp-json\/wp\/v2\/users\/1"}],"replies":[{"embeddable":true,"href":"https:\/\/www.fppe.ca\/batirlecole\/wp-json\/wp\/v2\/comments?post=20"}],"version-history":[{"count":2,"href":"https:\/\/www.fppe.ca\/batirlecole\/wp-json\/wp\/v2\/pages\/20\/revisions"}],"predecessor-version":[{"id":2251,"href":"https:\/\/www.fppe.ca\/batirlecole\/wp-json\/wp\/v2\/pages\/20\/revisions\/2251"}],"wp:attachment":[{"href":"https:\/\/www.fppe.ca\/batirlecole\/wp-json\/wp\/v2\/media?parent=20"}],"curies":[{"name":"wp","href":"https:\/\/api.w.org\/{rel}","templated":true}]}}