{"id":67,"date":"2013-11-14T11:29:27","date_gmt":"2013-11-14T11:29:27","guid":{"rendered":"http:\/\/holobest.com\/jednotka\/?page_id=67"},"modified":"2017-02-22T09:16:57","modified_gmt":"2017-02-22T14:16:57","slug":"la-fppe-csq","status":"publish","type":"page","link":"https:\/\/www.fppe.ca\/batirlecole\/la-fppe-csq\/","title":{"rendered":"La FPPE(CSQ)"},"content":{"rendered":"<p>\n            <p class=\"lead text-center no-mg-b\"><strong><a href=\"http:\/\/www.fppe.qc.ca\/\">La FPPE(CSQ)<\/a><\/strong><\/p>\n        <br \/>\n\n        <div class=\"container\">\n            \n        <\/div>\n    <\/p>\n<p style=\"text-align: justify\">La F\u00e9d\u00e9ration des professionnelles et professionnels de l&#8217;\u00e9ducation du Qu\u00e9bec (FPPE-CSQ) repr\u00e9sente 19 syndicats regroupant plus de 7300 membres r\u00e9partis dans la quasi-totalit\u00e9 des commissions scolaires francophones du Qu\u00e9bec, les neuf commissions scolaires anglophones et les commissions scolaires Crie et Kativik. Elle compte parmi ses membres diff\u00e9rentes cat\u00e9gories de personnel professionnel, dans les secteurs administratif, p\u00e9dagogique et les services directs aux \u00e9l\u00e8ves. Elle est affili\u00e9e \u00e0 la Centrale des Syndicats du Qu\u00e9bec, qui est la plus importante organisation syndicale en \u00e9ducation.<\/p>\n<p>Pour plus d\u2019information sur la FPPE (CSQ) et ses activit\u00e9s, visitez notre site internet au <a title=\"F\u00e9d\u00e9ration des professionnelles et professionnels de l'\u00c9ducation\" href=\"http:\/\/www.fppe.qc.ca\/\" target=\"_blank\"><a href=\"http:\/\/www.fppe.qc.ca\/\">fppe.qc.ca<\/a><\/a>.<\/p>\n","protected":false},"excerpt":{"rendered":"<p>La F\u00e9d\u00e9ration des professionnelles et professionnels de l&#8217;\u00e9ducation du Qu\u00e9bec (FPPE-CSQ) repr\u00e9sente 19 syndicats regroupant plus de 7300 membres r\u00e9partis&#8230;<\/p>\n","protected":false},"author":1,"featured_media":0,"parent":0,"menu_order":0,"comment_status":"open","ping_status":"closed","template":"template-contact2.php","meta":{"_acf_changed":false,"footnotes":""},"class_list":["post-67","page","type-page","status-publish","hentry"],"acf":[],"_links":{"self":[{"href":"https:\/\/www.fppe.ca\/batirlecole\/wp-json\/wp\/v2\/pages\/67","targetHints":{"allow":["GET"]}}],"collection":[{"href":"https:\/\/www.fppe.ca\/batirlecole\/wp-json\/wp\/v2\/pages"}],"about":[{"href":"https:\/\/www.fppe.ca\/batirlecole\/wp-json\/wp\/v2\/types\/page"}],"author":[{"embeddable":true,"href":"https:\/\/www.fppe.ca\/batirlecole\/wp-json\/wp\/v2\/users\/1"}],"replies":[{"embeddable":true,"href":"https:\/\/www.fppe.ca\/batirlecole\/wp-json\/wp\/v2\/comments?post=67"}],"version-history":[{"count":1,"href":"https:\/\/www.fppe.ca\/batirlecole\/wp-json\/wp\/v2\/pages\/67\/revisions"}],"predecessor-version":[{"id":2389,"href":"https:\/\/www.fppe.ca\/batirlecole\/wp-json\/wp\/v2\/pages\/67\/revisions\/2389"}],"wp:attachment":[{"href":"https:\/\/www.fppe.ca\/batirlecole\/wp-json\/wp\/v2\/media?parent=67"}],"curies":[{"name":"wp","href":"https:\/\/api.w.org\/{rel}","templated":true}]}}