{"id":4298,"date":"2016-12-20T09:47:55","date_gmt":"2016-12-20T14:47:55","guid":{"rendered":"http:\/\/www.fppe.ca\/formationsyndicale\/?page_id=4298"},"modified":"2020-10-10T00:49:17","modified_gmt":"2020-10-10T04:49:17","slug":"formation-a-distance-2-2","status":"publish","type":"page","link":"https:\/\/www.fppe.ca\/formationsyndicale\/formation-a-distance-2-2\/","title":{"rendered":"Formation en ligne"},"content":{"rendered":"<p style=\"text-align: justify;\">Le Congr\u00e8s est l\u2019instance supr\u00eame de la F\u00e9d\u00e9ration; il en adopte les orientations et il peut d\u00e9cider, au besoin, les objectifs et les actions qui en d\u00e9coulent.<\/p>\n<p><a href=\"http:\/\/www.fppe.ca\/formation\/\">Le Congr\u00e8s FPPE 2019<\/a>.<\/p>\n","protected":false},"excerpt":{"rendered":"<p>Le Congr\u00e8s est l\u2019instance supr\u00eame de la F\u00e9d\u00e9ration; il en adopte les orientations et il peut d\u00e9cider, au besoin, les objectifs et les actions qui en d\u00e9coulent. Le Congr\u00e8s FPPE&#8230; <\/p>\n<div class=\"clear\"><\/div>\n<p><a href=\"https:\/\/www.fppe.ca\/formationsyndicale\/formation-a-distance-2-2\/\" class=\"gdlr-button with-border excerpt-read-more\">Read More<\/a><\/p>\n","protected":false},"author":1,"featured_media":0,"parent":0,"menu_order":0,"comment_status":"closed","ping_status":"open","template":"","meta":{"footnotes":""},"class_list":["post-4298","page","type-page","status-publish","hentry"],"_links":{"self":[{"href":"https:\/\/www.fppe.ca\/formationsyndicale\/wp-json\/wp\/v2\/pages\/4298","targetHints":{"allow":["GET"]}}],"collection":[{"href":"https:\/\/www.fppe.ca\/formationsyndicale\/wp-json\/wp\/v2\/pages"}],"about":[{"href":"https:\/\/www.fppe.ca\/formationsyndicale\/wp-json\/wp\/v2\/types\/page"}],"author":[{"embeddable":true,"href":"https:\/\/www.fppe.ca\/formationsyndicale\/wp-json\/wp\/v2\/users\/1"}],"replies":[{"embeddable":true,"href":"https:\/\/www.fppe.ca\/formationsyndicale\/wp-json\/wp\/v2\/comments?post=4298"}],"version-history":[{"count":10,"href":"https:\/\/www.fppe.ca\/formationsyndicale\/wp-json\/wp\/v2\/pages\/4298\/revisions"}],"predecessor-version":[{"id":4921,"href":"https:\/\/www.fppe.ca\/formationsyndicale\/wp-json\/wp\/v2\/pages\/4298\/revisions\/4921"}],"wp:attachment":[{"href":"https:\/\/www.fppe.ca\/formationsyndicale\/wp-json\/wp\/v2\/media?parent=4298"}],"curies":[{"name":"wp","href":"https:\/\/api.w.org\/{rel}","templated":true}]}}