{"id":21,"date":"2014-03-05T16:50:36","date_gmt":"2014-03-05T16:50:36","guid":{"rendered":"http:\/\/localhost\/magicreche\/?page_id=21"},"modified":"2024-05-15T14:58:16","modified_gmt":"2024-05-15T14:58:16","slug":"contact-us","status":"publish","type":"page","link":"https:\/\/www.fppe.ca\/sppeca\/home\/contact-us\/","title":{"rendered":"Nous joindre"},"content":{"rendered":"<p>&nbsp;<\/p>\n<table style=\"border-collapse: collapse;width: 100.313%;height: 177px\">\n<tbody>\n<tr style=\"background-color: #ebebab\">\n<td style=\"width: 16.7337%\"><\/td>\n<td style=\"width: 83.2663%\"><span style=\"color: #0000ff\"><strong>Syndicat du personnel professionnel de l&rsquo;\u00e9ducation de Chaudi\u00e8re-Appalaches (SPP\u00c9CA)<\/strong><\/span><\/td>\n<\/tr>\n<tr style=\"height: 144px;background-color: #ededed\">\n<td style=\"width: 16.7337%;height: 144px\"><\/td>\n<td style=\"width: 83.2663%;height: 144px\">703 avenue Taniata, local 101<br \/>\nL\u00e9vis (Qu\u00e9bec) G6Z 2C3<br \/>\nT\u00e9l\u00e9phone bureau : 581 655-1166 cellulaire: 581 984-8269<br \/>\nCourriel:\u00a0<a href=\"mailto:%20presidence@sppeca.ca\" target=\"_blank\" rel=\"noopener\">presidence@sppeca.ca<\/a><\/td>\n<\/tr>\n<tr style=\"height: 23px;background-color: #ebebab\">\n<td style=\"width: 16.7337%;height: 23px\"><\/td>\n<td style=\"width: 83.2663%;height: 23px\"><strong> <span style=\"color: #0000ff\">Personne-ressource pour l\u2019interpr\u00e9tation du r\u00e9gime qu\u00e9b\u00e9cois d\u2019assurance parentale\u00a0 (Dossier RQAP)<\/span><\/strong><\/td>\n<\/tr>\n<\/tbody>\n<\/table>\n<table style=\"border-collapse: collapse;width: 100%\">\n<tbody>\n<tr style=\"background-color: #ebebab\">\n<td style=\"width: 16.8818%;text-align: center\"><\/td>\n<td style=\"width: 25.0196%;text-align: center\">Marie-No\u00eblle Bourque<\/td>\n<td style=\"width: 27.6604%;text-align: center\">Bureau :418 839-0500 #83104<\/td>\n<td style=\"width: 30.4382%;text-align: center\"><a href=\"mailto:marie-noelle.bourque@cssdn.gouv.qc.ca\">marie-noelle.bourque<\/a><br \/>\n<a href=\"mailto:marie-noelle.bourque@cssdn.gouv.qc.ca\">@cssdn.gouv.qc.ca<\/a><\/td>\n<\/tr>\n<\/tbody>\n<\/table>\n","protected":false},"excerpt":{"rendered":"<p>&nbsp; Syndicat du personnel professionnel de l&rsquo;\u00e9ducation de Chaudi\u00e8re-Appalaches (SPP\u00c9CA) 703 avenue Taniata, local 101 L\u00e9vis (Qu\u00e9bec) G6Z 2C3 T\u00e9l\u00e9phone bureau : 581 655-1166 cellulaire: 581 984-8269 Courriel:\u00a0presidence@sppeca.ca Personne-ressource pour [&hellip;]<\/p>\n","protected":false},"author":1,"featured_media":0,"parent":9,"menu_order":11,"comment_status":"open","ping_status":"closed","template":"","meta":{"footnotes":""},"class_list":["post-21","page","type-page","status-publish","czr-hentry"],"_links":{"self":[{"href":"https:\/\/www.fppe.ca\/sppeca\/wp-json\/wp\/v2\/pages\/21","targetHints":{"allow":["GET"]}}],"collection":[{"href":"https:\/\/www.fppe.ca\/sppeca\/wp-json\/wp\/v2\/pages"}],"about":[{"href":"https:\/\/www.fppe.ca\/sppeca\/wp-json\/wp\/v2\/types\/page"}],"author":[{"embeddable":true,"href":"https:\/\/www.fppe.ca\/sppeca\/wp-json\/wp\/v2\/users\/1"}],"replies":[{"embeddable":true,"href":"https:\/\/www.fppe.ca\/sppeca\/wp-json\/wp\/v2\/comments?post=21"}],"version-history":[{"count":44,"href":"https:\/\/www.fppe.ca\/sppeca\/wp-json\/wp\/v2\/pages\/21\/revisions"}],"predecessor-version":[{"id":3429,"href":"https:\/\/www.fppe.ca\/sppeca\/wp-json\/wp\/v2\/pages\/21\/revisions\/3429"}],"up":[{"embeddable":true,"href":"https:\/\/www.fppe.ca\/sppeca\/wp-json\/wp\/v2\/pages\/9"}],"wp:attachment":[{"href":"https:\/\/www.fppe.ca\/sppeca\/wp-json\/wp\/v2\/media?parent=21"}],"curies":[{"name":"wp","href":"https:\/\/api.w.org\/{rel}","templated":true}]}}