{"id":2899,"date":"2024-06-06T11:30:47","date_gmt":"2024-06-06T15:30:47","guid":{"rendered":"https:\/\/www.fppe.ca\/sppry\/?page_id=2899"},"modified":"2024-11-29T10:46:01","modified_gmt":"2024-11-29T15:46:01","slug":"nous-joindre","status":"publish","type":"page","link":"https:\/\/www.fppe.ca\/sppery\/nous-joindre\/","title":{"rendered":"Nous joindre"},"content":{"rendered":"<p><span style=\"color: #003300\"><strong>Adresse postale du SPPERY<\/strong><\/span><br \/>\n700, rue Denison Ouest, local 107<br \/>\nGranby, Qc, J2G 4G3<br \/>\n<a href=\"mailto:a08.richelieu.yamaska@lacsq.org\" target=\"_blank\" rel=\"noopener\">a08.richelieu.yamaska@lacsq.org<\/a><\/p>\n<p>PR\u00c9SIDENCE<br \/>\nMarcelle T\u00e9l\u00e9maque<br \/>\nT\u00e9l. : 450 204-6992<br \/>\n<a href=\"mailto:a08.richelieu.yamaska@lacsq.org\" target=\"_blank\" rel=\"noopener\">a08.richelieu.yamaska@lacsq.org<\/a><\/p>\n<p><span style=\"color: #003300\">VICE-PR\u00c9SIDENCES<\/span><br \/>\nLes d\u00e9l\u00e9gu\u00e9es des unit\u00e9s<\/p>\n<p>SECRETAIRE<br \/>\n\u00c9milie Lamothe<br \/>\n<a href=\"mailto:emilie.lamothe@csssh.gouv.qc.ca\" target=\"_blank\" rel=\"noopener\">emilie.lamothe@csssh.gouv.qc.ca<\/a><\/p>\n<p><span style=\"color: #003300\">TR\u00c9SORIERE<\/span><br \/>\nAudrey Morin<br \/>\n<a href=\"mailto:audrey.morin@cssst.gouv.qc.ca\" target=\"_blank\" rel=\"noopener\">audrey.morin@cssst.gouv.qc.ca<\/a><\/p>\n<p>&nbsp;<\/p>\n<p>D\u00c9L\u00c9GU\u00c9ES<\/p>\n<p><span style=\"color: #003300\"><strong>CSS de Sorel-Tracy\u00a01611<\/strong><\/span><br \/>\n41, avenue de l\u2019H\u00f4tel-Dieu<br \/>\nSorel (Qu\u00e9bec) J3P 1L1<br \/>\nT\u00e9l. : 450 746-3990\u00a0 Cellulaire : 450 746-4474<\/p>\n<p><strong>Caroline Lambin-Himbeault, d\u00e9l\u00e9gu\u00e9e<\/strong><br \/>\n<a href=\"mailto:lambinc@cs-soreltracy.qc.ca\" target=\"_blank\" rel=\"noopener\">lambinc@cs-soreltracy.qc.ca<\/a><br \/>\nT\u00e9l. : 450 746-3510 #1924<\/p>\n<p><strong><span style=\"color: #003300\">CSS de Saint-Hyacinthe\u00a01612<\/span><\/strong><br \/>\n1455, boulevard Casavant Est, local 2027<br \/>\nSaint-Hyacinthe (Qu\u00e9bec)\u00a0 J2S 8S8<br \/>\nT\u00e9l. : 450 773-8400 #6640<\/p>\n<p><strong>Nathalie Dionne, d\u00e9l\u00e9gu\u00e9e<\/strong><br \/>\n<a href=\"mailto:nathalie.dionne@epsh.qc.ca\" target=\"_blank\" rel=\"noopener\">nathalie.dionne@epsh.qc.ca<\/a><\/p>\n<p><strong>Sophie Despault, d\u00e9l\u00e9gu\u00e9e adjointe<\/strong><br \/>\n<a href=\"mailto:sophie.despault@csssh.gouv.qc.ca\" target=\"_blank\" rel=\"noopener\">sophie.despault@csssh.gouv.qc.ca<\/a><\/p>\n<p><strong><span style=\"color: #003300\">CSS du Val-des-Cerfs\u00a01616<\/span><\/strong><br \/>\n55, rue Court &#8211; C.P. 9000<br \/>\nGranby (Qu\u00e9bec) J2G 9H7<br \/>\nT\u00e9l. : 450 372-0221 &#8211; Cellulaire: 450 372-3150<\/p>\n<p><strong>No\u00e9mie Bernier, d\u00e9l\u00e9gu\u00e9e<\/strong><br \/>\n<a href=\"mailto:bernierno@cssvdc.gouv.qc.ca\" target=\"_blank\" rel=\"noopener\">bernierno@cssvdc.gouv.qc.ca<\/a><\/p>\n<p><strong>Yannick Bourdouxhe, d\u00e9l\u00e9gu\u00e9<\/strong><br \/>\n<a href=\"mailto:bourdouy@cssvdc.gouv.qc.ca\" target=\"_blank\" rel=\"noopener\">bourdouy@cssvdc.gouv.qc.ca<\/a><\/p>\n","protected":false},"excerpt":{"rendered":"<p>Adresse postale du SPPERY 700, rue Denison Ouest, local 107 Granby, Qc, J2G 4G3 a08.richelieu.yamaska@lacsq.org PR\u00c9SIDENCE Marcelle T\u00e9l\u00e9maque T\u00e9l. : 450 204-6992 a08.richelieu.yamaska@lacsq.org VICE-PR\u00c9SIDENCES Les d\u00e9l\u00e9gu\u00e9es des unit\u00e9s SECRETAIRE \u00c9milie Lamothe emilie.lamothe@csssh.gouv.qc.ca TR\u00c9SORIERE Audrey Morin audrey.morin@cssst.gouv.qc.ca &nbsp; D\u00c9L\u00c9GU\u00c9ES CSS de Sorel-Tracy\u00a01611 41, avenue de l\u2019H\u00f4tel-Dieu Sorel (Qu\u00e9bec) J3P 1L1 T\u00e9l. : 450 746-3990\u00a0 Cellulaire :&hellip;<\/p>\n","protected":false},"author":20,"featured_media":0,"parent":0,"menu_order":0,"comment_status":"closed","ping_status":"closed","template":"","meta":{"footnotes":""},"class_list":["post-2899","page","type-page","status-publish","hentry"],"_links":{"self":[{"href":"https:\/\/www.fppe.ca\/sppery\/wp-json\/wp\/v2\/pages\/2899","targetHints":{"allow":["GET"]}}],"collection":[{"href":"https:\/\/www.fppe.ca\/sppery\/wp-json\/wp\/v2\/pages"}],"about":[{"href":"https:\/\/www.fppe.ca\/sppery\/wp-json\/wp\/v2\/types\/page"}],"author":[{"embeddable":true,"href":"https:\/\/www.fppe.ca\/sppery\/wp-json\/wp\/v2\/users\/20"}],"replies":[{"embeddable":true,"href":"https:\/\/www.fppe.ca\/sppery\/wp-json\/wp\/v2\/comments?post=2899"}],"version-history":[{"count":17,"href":"https:\/\/www.fppe.ca\/sppery\/wp-json\/wp\/v2\/pages\/2899\/revisions"}],"predecessor-version":[{"id":3134,"href":"https:\/\/www.fppe.ca\/sppery\/wp-json\/wp\/v2\/pages\/2899\/revisions\/3134"}],"wp:attachment":[{"href":"https:\/\/www.fppe.ca\/sppery\/wp-json\/wp\/v2\/media?parent=2899"}],"curies":[{"name":"wp","href":"https:\/\/api.w.org\/{rel}","templated":true}]}}