{"id":2907,"date":"2024-06-06T11:43:44","date_gmt":"2024-06-06T15:43:44","guid":{"rendered":"https:\/\/www.fppe.ca\/sppry\/?page_id=2907"},"modified":"2025-09-30T14:15:33","modified_gmt":"2025-09-30T18:15:33","slug":"lexecutif","status":"publish","type":"page","link":"https:\/\/www.fppe.ca\/sppery\/lexecutif\/","title":{"rendered":"L&rsquo;ex\u00e9cutif"},"content":{"rendered":"<p><span style=\"color: #003366\">PR\u00c9SIDENCE<\/span><br \/>\nMarcelle T\u00e9l\u00e9maque<br \/>\nT\u00e9l : 450 204-6992<br \/>\n<a href=\"mailto:a08.richelieu.yamaska@lacsq.org\" target=\"_blank\" rel=\"noopener\">a08.richelieu.yamaska@lacsq.org<\/a><\/p>\n<p><span style=\"color: #003366\">VICE-PR\u00c9SIDENCES<\/span><br \/>\nLes d\u00e9l\u00e9gu\u00e9es des unit\u00e9s :<br \/>\n<a href=\"nathalie.dionne@epsh.qc.ca\">Nathalie Dionne<\/a> &#8211; Saint-Hyacinthe nathalie.dionne@epsh.qc.ca<br \/>\n<a href=\"caroline.lambinhimbeault@cssst.gouv.qc.ca\">Caroline Lambin-Himbeault<\/a> &#8211; Sorel-Tracy<br \/>\n<a href=\"sppery.delegue.vdc@outlook.com\">No\u00e9mie Bernier<\/a> &#8211; Val-des-Cerfs<\/p>\n<p><span style=\"color: #003366\">SECRETAIRE<\/span><br \/>\nCynthia Ostiguy<br \/>\nsppery.delegue.vdc@outlook.com<\/p>\n<p><span style=\"color: #003366\">TR\u00c9SORIERE<\/span><br \/>\nAudrey Morin<br \/>\naudrey.morin@cssst.gouv.qc.ca<\/p>\n","protected":false},"excerpt":{"rendered":"<p>PR\u00c9SIDENCE Marcelle T\u00e9l\u00e9maque T\u00e9l : 450 204-6992 a08.richelieu.yamaska@lacsq.org VICE-PR\u00c9SIDENCES Les d\u00e9l\u00e9gu\u00e9es des unit\u00e9s : Nathalie Dionne &#8211; Saint-Hyacinthe nathalie.dionne@epsh.qc.ca Caroline Lambin-Himbeault &#8211; Sorel-Tracy No\u00e9mie Bernier &#8211; Val-des-Cerfs SECRETAIRE Cynthia Ostiguy sppery.delegue.vdc@outlook.com TR\u00c9SORIERE Audrey Morin audrey.morin@cssst.gouv.qc.ca<\/p>\n","protected":false},"author":20,"featured_media":0,"parent":0,"menu_order":0,"comment_status":"closed","ping_status":"closed","template":"","meta":{"footnotes":""},"class_list":["post-2907","page","type-page","status-publish","hentry"],"_links":{"self":[{"href":"https:\/\/www.fppe.ca\/sppery\/wp-json\/wp\/v2\/pages\/2907","targetHints":{"allow":["GET"]}}],"collection":[{"href":"https:\/\/www.fppe.ca\/sppery\/wp-json\/wp\/v2\/pages"}],"about":[{"href":"https:\/\/www.fppe.ca\/sppery\/wp-json\/wp\/v2\/types\/page"}],"author":[{"embeddable":true,"href":"https:\/\/www.fppe.ca\/sppery\/wp-json\/wp\/v2\/users\/20"}],"replies":[{"embeddable":true,"href":"https:\/\/www.fppe.ca\/sppery\/wp-json\/wp\/v2\/comments?post=2907"}],"version-history":[{"count":6,"href":"https:\/\/www.fppe.ca\/sppery\/wp-json\/wp\/v2\/pages\/2907\/revisions"}],"predecessor-version":[{"id":3164,"href":"https:\/\/www.fppe.ca\/sppery\/wp-json\/wp\/v2\/pages\/2907\/revisions\/3164"}],"wp:attachment":[{"href":"https:\/\/www.fppe.ca\/sppery\/wp-json\/wp\/v2\/media?parent=2907"}],"curies":[{"name":"wp","href":"https:\/\/api.w.org\/{rel}","templated":true}]}}