{"id":2914,"date":"2024-06-06T11:43:44","date_gmt":"2024-06-06T15:43:44","guid":{"rendered":"https:\/\/www.fppe.ca\/sppry\/?page_id=2914"},"modified":"2025-09-30T14:22:14","modified_gmt":"2025-09-30T18:22:14","slug":"unite-saint-hyacinthe","status":"publish","type":"page","link":"https:\/\/www.fppe.ca\/sppery\/unite-saint-hyacinthe\/","title":{"rendered":"Unit\u00e9 Saint-Hyacinthe"},"content":{"rendered":"<p><span data-contrast=\"auto\"><span style=\"color: #003300\">D\u00c9L\u00c9GU\u00c9E :<\/span><br \/>\nNathalie Dionne<\/span><\/p>\n<p><span data-contrast=\"auto\"><span style=\"color: #003300\">D\u00c9L\u00c9GU\u00c9E ADJOINTE :<\/span><br \/>\nSophie Despault<\/span><\/p>\n<p><span style=\"color: #003300\">SECR\u00c9TAIRE ET MEMBRE DU CRT :<\/span><br \/>\nRebecca L. Bouvier<\/p>\n<p><span style=\"color: #003300\">Pour nous joindre<\/span> : <a href=\"mailto:sthinfo.sppery@gmail.com\" target=\"_blank\" rel=\"noopener\">sthinfo.sppery@gmail.com<\/a><\/p>\n<p>&nbsp;<\/p>\n<div class=\"panel-group\" id=\"accordion-153810512\">\n<div class=\"panel panel-default\">\n<div class=\"panel-heading\">\n<h4 class=\"panel-title\"><a data-toggle=\"collapse\" data-parent=\"#accordion-153810512\" href=\"#collapse-153810512-0\">Assembl\u00e9e locale<\/a><\/h4>\n<\/div>\n<div id=\"collapse-153810512-0\" class=\"panel-collapse collapse\">\n<div class=\"panel-body\">Juin 2024 <\/div>\n<\/div>\n<\/div>\n<div class=\"panel panel-default\">\n<div class=\"panel-heading\">\n<h4 class=\"panel-title\"><a data-toggle=\"collapse\" data-parent=\"#accordion-153810512\" href=\"#collapse-153810512-1\">CRT<\/a><\/h4>\n<\/div>\n<div id=\"collapse-153810512-1\" class=\"panel-collapse collapse\">\n<div class=\"panel-body\">R\u00e9sum\u00e9 CRT mai 2024 <\/div>\n<\/div>\n<\/div>\n<div class=\"panel panel-default\">\n<div class=\"panel-heading\">\n<h4 class=\"panel-title\"><a data-toggle=\"collapse\" data-parent=\"#accordion-153810512\" href=\"#collapse-153810512-2\">Comit\u00e9s<\/a><\/h4>\n<\/div>\n<div id=\"collapse-153810512-2\" class=\"panel-collapse collapse\">\n<div class=\"panel-body\">SST <\/div>\n<\/div>\n<\/div>\n<\/div>\n<p>&nbsp;<\/p>\n<p>Assembl\u00e9e locale :<\/p>\n<p><span data-contrast=\"auto\">CRT : date, r\u00e9sum\u00e9s, etc.<\/span><\/p>\n<p><span data-contrast=\"auto\">Comit\u00e9s<\/span><\/p>\n<ul>\n<li data-aria-posinset=\"1\" data-aria-level=\"2\"><span data-contrast=\"auto\">SST<\/span><\/li>\n<li data-aria-posinset=\"2\" data-aria-level=\"2\"><span data-contrast=\"auto\">Insertion professionnelle<\/span><\/li>\n<li data-aria-posinset=\"3\" data-aria-level=\"2\"><span data-contrast=\"auto\">EHDAA<\/span><\/li>\n<li data-aria-posinset=\"4\" data-aria-level=\"2\"><span data-contrast=\"auto\">Etc.<\/span><\/li>\n<\/ul>\n","protected":false},"excerpt":{"rendered":"<p>D\u00c9L\u00c9GU\u00c9E : Nathalie Dionne D\u00c9L\u00c9GU\u00c9E ADJOINTE : Sophie Despault SECR\u00c9TAIRE ET MEMBRE DU CRT : Rebecca L. Bouvier Pour nous joindre : sthinfo.sppery@gmail.com &nbsp; Assembl\u00e9e locale Juin 2024 CRT R\u00e9sum\u00e9 CRT mai 2024 Comit\u00e9s SST &nbsp; Assembl\u00e9e locale : CRT : date, r\u00e9sum\u00e9s, etc. Comit\u00e9s SST Insertion professionnelle EHDAA Etc.<\/p>\n","protected":false},"author":20,"featured_media":0,"parent":0,"menu_order":1,"comment_status":"closed","ping_status":"closed","template":"","meta":{"footnotes":""},"class_list":["post-2914","page","type-page","status-publish","hentry"],"_links":{"self":[{"href":"https:\/\/www.fppe.ca\/sppery\/wp-json\/wp\/v2\/pages\/2914","targetHints":{"allow":["GET"]}}],"collection":[{"href":"https:\/\/www.fppe.ca\/sppery\/wp-json\/wp\/v2\/pages"}],"about":[{"href":"https:\/\/www.fppe.ca\/sppery\/wp-json\/wp\/v2\/types\/page"}],"author":[{"embeddable":true,"href":"https:\/\/www.fppe.ca\/sppery\/wp-json\/wp\/v2\/users\/20"}],"replies":[{"embeddable":true,"href":"https:\/\/www.fppe.ca\/sppery\/wp-json\/wp\/v2\/comments?post=2914"}],"version-history":[{"count":13,"href":"https:\/\/www.fppe.ca\/sppery\/wp-json\/wp\/v2\/pages\/2914\/revisions"}],"predecessor-version":[{"id":3166,"href":"https:\/\/www.fppe.ca\/sppery\/wp-json\/wp\/v2\/pages\/2914\/revisions\/3166"}],"wp:attachment":[{"href":"https:\/\/www.fppe.ca\/sppery\/wp-json\/wp\/v2\/media?parent=2914"}],"curies":[{"name":"wp","href":"https:\/\/api.w.org\/{rel}","templated":true}]}}