{"id":2915,"date":"2024-06-06T11:43:44","date_gmt":"2024-06-06T15:43:44","guid":{"rendered":"https:\/\/www.fppe.ca\/sppry\/?page_id=2915"},"modified":"2025-09-30T14:39:10","modified_gmt":"2025-09-30T18:39:10","slug":"unite-sorel-tracy","status":"publish","type":"page","link":"https:\/\/www.fppe.ca\/sppery\/unite-sorel-tracy\/","title":{"rendered":"Unit\u00e9 Sorel-Tracy"},"content":{"rendered":"<p><span data-contrast=\"auto\"><span style=\"color: #003300\">D\u00c9L\u00c9GU\u00c9E :<\/span><br \/>\nCaroline Lambin-Himbeault<\/span><br \/>\n450 746-3510, poste 1924<br \/>\n<a href=\"mailto:caroline.lambinhimbeault@cssst.gouv.qc.ca\">lambinc@cs-soreltracy.qc.ca<\/a><\/p>\n","protected":false},"excerpt":{"rendered":"<p>D\u00c9L\u00c9GU\u00c9E : Caroline Lambin-Himbeault 450 746-3510, poste 1924 lambinc@cs-soreltracy.qc.ca<\/p>\n","protected":false},"author":20,"featured_media":0,"parent":0,"menu_order":2,"comment_status":"closed","ping_status":"closed","template":"","meta":{"footnotes":""},"class_list":["post-2915","page","type-page","status-publish","hentry"],"_links":{"self":[{"href":"https:\/\/www.fppe.ca\/sppery\/wp-json\/wp\/v2\/pages\/2915","targetHints":{"allow":["GET"]}}],"collection":[{"href":"https:\/\/www.fppe.ca\/sppery\/wp-json\/wp\/v2\/pages"}],"about":[{"href":"https:\/\/www.fppe.ca\/sppery\/wp-json\/wp\/v2\/types\/page"}],"author":[{"embeddable":true,"href":"https:\/\/www.fppe.ca\/sppery\/wp-json\/wp\/v2\/users\/20"}],"replies":[{"embeddable":true,"href":"https:\/\/www.fppe.ca\/sppery\/wp-json\/wp\/v2\/comments?post=2915"}],"version-history":[{"count":6,"href":"https:\/\/www.fppe.ca\/sppery\/wp-json\/wp\/v2\/pages\/2915\/revisions"}],"predecessor-version":[{"id":3168,"href":"https:\/\/www.fppe.ca\/sppery\/wp-json\/wp\/v2\/pages\/2915\/revisions\/3168"}],"wp:attachment":[{"href":"https:\/\/www.fppe.ca\/sppery\/wp-json\/wp\/v2\/media?parent=2915"}],"curies":[{"name":"wp","href":"https:\/\/api.w.org\/{rel}","templated":true}]}}