{"id":2916,"date":"2024-06-06T11:43:44","date_gmt":"2024-06-06T15:43:44","guid":{"rendered":"https:\/\/www.fppe.ca\/sppry\/?page_id=2916"},"modified":"2025-09-30T14:42:12","modified_gmt":"2025-09-30T18:42:12","slug":"unite-val-des-cerfs","status":"publish","type":"page","link":"https:\/\/www.fppe.ca\/sppery\/unite-val-des-cerfs\/","title":{"rendered":"Unit\u00e9 Val-des-Cerfs"},"content":{"rendered":"<p>&nbsp;<\/p>\n<p><span data-contrast=\"auto\"><span style=\"color: #003300\">D\u00c9L\u00c9GU\u00c9E :<\/span><br \/>\nNo\u00e9mie Bernier<\/span><br \/>\n<a href=\"mailto:bernierno@cssvdc.gouv.qc.ca\">bernierno@cssvdc.gouv.qc.ca<\/a><\/p>\n<p>D\u00c9L\u00c9GU\u00c9 ADJOINT :<br \/>\nYannick Bourdouxhe<br \/>\n<a href=\"mailto:bourdouy@cssvdc.gouv.qc.ca\" target=\"_blank\" rel=\"noopener\">bourdouy@cssvdc.gouv.qc.ca<\/a><\/p>\n","protected":false},"excerpt":{"rendered":"<p>&nbsp; D\u00c9L\u00c9GU\u00c9E : No\u00e9mie Bernier bernierno@cssvdc.gouv.qc.ca D\u00c9L\u00c9GU\u00c9 ADJOINT : Yannick Bourdouxhe bourdouy@cssvdc.gouv.qc.ca<\/p>\n","protected":false},"author":20,"featured_media":0,"parent":0,"menu_order":3,"comment_status":"closed","ping_status":"closed","template":"","meta":{"footnotes":""},"class_list":["post-2916","page","type-page","status-publish","hentry"],"_links":{"self":[{"href":"https:\/\/www.fppe.ca\/sppery\/wp-json\/wp\/v2\/pages\/2916","targetHints":{"allow":["GET"]}}],"collection":[{"href":"https:\/\/www.fppe.ca\/sppery\/wp-json\/wp\/v2\/pages"}],"about":[{"href":"https:\/\/www.fppe.ca\/sppery\/wp-json\/wp\/v2\/types\/page"}],"author":[{"embeddable":true,"href":"https:\/\/www.fppe.ca\/sppery\/wp-json\/wp\/v2\/users\/20"}],"replies":[{"embeddable":true,"href":"https:\/\/www.fppe.ca\/sppery\/wp-json\/wp\/v2\/comments?post=2916"}],"version-history":[{"count":7,"href":"https:\/\/www.fppe.ca\/sppery\/wp-json\/wp\/v2\/pages\/2916\/revisions"}],"predecessor-version":[{"id":3169,"href":"https:\/\/www.fppe.ca\/sppery\/wp-json\/wp\/v2\/pages\/2916\/revisions\/3169"}],"wp:attachment":[{"href":"https:\/\/www.fppe.ca\/sppery\/wp-json\/wp\/v2\/media?parent=2916"}],"curies":[{"name":"wp","href":"https:\/\/api.w.org\/{rel}","templated":true}]}}