{"id":2918,"date":"2024-06-06T11:43:44","date_gmt":"2024-06-06T15:43:44","guid":{"rendered":"https:\/\/www.fppe.ca\/sppry\/?page_id=2918"},"modified":"2025-09-30T14:34:16","modified_gmt":"2025-09-30T18:34:16","slug":"les-reseaux-csq","status":"publish","type":"page","link":"https:\/\/www.fppe.ca\/sppery\/les-reseaux-csq\/","title":{"rendered":"Les r\u00e9seaux CSQ"},"content":{"rendered":"<p>Les <a href=\"https:\/\/www.lacsq.org\/csq\/democratie\/les-comites\/\" target=\"_blank\" rel=\"noopener\">comit\u00e9s et r\u00e9seaux de la CSQ<\/a> sont des espaces collectifs d\u2019information, de r\u00e9flexions et d\u2019actions sur diff\u00e9rents th\u00e8mes et enjeux.<\/p>\n<p>&nbsp;<\/p>\n<p><a href=\"https:\/\/www.lacsq.org\/categories\/femmes\/\" target=\"_blank\" rel=\"noopener\"><span data-contrast=\"auto\">Comit\u00e9 d&rsquo;action f\u00e9ministe <\/span><\/a><\/p>\n<p><span data-contrast=\"auto\">Comit\u00e9 des jeunes<\/span><\/p>\n<p><span data-contrast=\"auto\">Comit\u00e9 d&rsquo;action sociopolitique\u00a0<\/span><\/p>\n<p><span data-contrast=\"auto\"><a href=\"https:\/\/www.lacsq.org\/services\/sante-securite-du-travail\/\" target=\"_blank\" rel=\"noopener\">Comit\u00e9 sant\u00e9 et s\u00e9curit\u00e9 du travail<\/a> <\/span><span data-contrast=\"auto\">\u00a0<\/span><\/p>\n<p><a href=\"https:\/\/actes.lacsq.org\/\" target=\"_blank\" rel=\"noopener\"><span data-contrast=\"auto\">Comit\u00e9 ACTES<\/span><\/a> &#8211; Actions collectives en transition environnementale et sociale<\/p>\n<p><span data-contrast=\"none\"><a href=\"https:\/\/diversite.lacsq.org\/\" target=\"_blank\" rel=\"noopener\">Comit\u00e9 pour la diversit\u00e9 sexuelle et de genre<\/a>\u00a0<\/span><\/p>\n","protected":false},"excerpt":{"rendered":"<p>Les comit\u00e9s et r\u00e9seaux de la CSQ sont des espaces collectifs d\u2019information, de r\u00e9flexions et d\u2019actions sur diff\u00e9rents th\u00e8mes et enjeux. &nbsp; Comit\u00e9 d&rsquo;action f\u00e9ministe Comit\u00e9 des jeunes Comit\u00e9 d&rsquo;action sociopolitique\u00a0 Comit\u00e9 sant\u00e9 et s\u00e9curit\u00e9 du travail \u00a0 Comit\u00e9 ACTES &#8211; Actions collectives en transition environnementale et sociale Comit\u00e9 pour la diversit\u00e9 sexuelle et de&hellip;<\/p>\n","protected":false},"author":20,"featured_media":0,"parent":0,"menu_order":0,"comment_status":"closed","ping_status":"closed","template":"","meta":{"footnotes":""},"class_list":["post-2918","page","type-page","status-publish","hentry"],"_links":{"self":[{"href":"https:\/\/www.fppe.ca\/sppery\/wp-json\/wp\/v2\/pages\/2918","targetHints":{"allow":["GET"]}}],"collection":[{"href":"https:\/\/www.fppe.ca\/sppery\/wp-json\/wp\/v2\/pages"}],"about":[{"href":"https:\/\/www.fppe.ca\/sppery\/wp-json\/wp\/v2\/types\/page"}],"author":[{"embeddable":true,"href":"https:\/\/www.fppe.ca\/sppery\/wp-json\/wp\/v2\/users\/20"}],"replies":[{"embeddable":true,"href":"https:\/\/www.fppe.ca\/sppery\/wp-json\/wp\/v2\/comments?post=2918"}],"version-history":[{"count":5,"href":"https:\/\/www.fppe.ca\/sppery\/wp-json\/wp\/v2\/pages\/2918\/revisions"}],"predecessor-version":[{"id":3167,"href":"https:\/\/www.fppe.ca\/sppery\/wp-json\/wp\/v2\/pages\/2918\/revisions\/3167"}],"wp:attachment":[{"href":"https:\/\/www.fppe.ca\/sppery\/wp-json\/wp\/v2\/media?parent=2918"}],"curies":[{"name":"wp","href":"https:\/\/api.w.org\/{rel}","templated":true}]}}